{"id":2495,"date":"2024-09-27T12:10:49","date_gmt":"2024-09-27T10:10:49","guid":{"rendered":"https:\/\/www.dr-breit.de\/?page_id=2495"},"modified":"2024-09-28T13:46:11","modified_gmt":"2024-09-28T11:46:11","slug":"manually-operated-valves","status":"publish","type":"page","link":"https:\/\/www.dr-breit.de\/en\/products\/manually-operated-valves\/","title":{"rendered":"Manually operated valves"},"content":{"rendered":"\t\t<div data-elementor-type=\"wp-page\" data-elementor-id=\"2495\" class=\"elementor elementor-2495 elementor-679\" data-elementor-post-type=\"page\">\n\t\t\t\t\t\t<section class=\"elementor-section elementor-top-section elementor-element elementor-element-7d62d96 elementor-section-boxed elementor-section-height-default elementor-section-height-default\" data-id=\"7d62d96\" data-element_type=\"section\" data-e-type=\"section\">\n\t\t\t\t\t\t<div class=\"elementor-container elementor-column-gap-default\">\n\t\t\t\t\t<div class=\"elementor-column elementor-col-100 elementor-top-column elementor-element elementor-element-a68409d\" data-id=\"a68409d\" data-element_type=\"column\" data-e-type=\"column\">\n\t\t\t<div class=\"elementor-widget-wrap elementor-element-populated\">\n\t\t\t\t\t\t<div class=\"elementor-element elementor-element-b01b14d elementor-widget elementor-widget-heading\" data-id=\"b01b14d\" data-element_type=\"widget\" data-e-type=\"widget\" data-widget_type=\"heading.default\">\n\t\t\t\t<div class=\"elementor-widget-container\">\n\t\t\t\t\t<h1 class=\"elementor-heading-title elementor-size-default\">Manually operated valves<\/h1>\t\t\t\t<\/div>\n\t\t\t\t<\/div>\n\t\t\t\t\t<\/div>\n\t\t<\/div>\n\t\t\t\t\t<\/div>\n\t\t<\/section>\n\t\t\t\t<section class=\"elementor-section elementor-top-section elementor-element elementor-element-928ab2b elementor-section-boxed elementor-section-height-default elementor-section-height-default\" data-id=\"928ab2b\" data-element_type=\"section\" data-e-type=\"section\">\n\t\t\t\t\t\t<div class=\"elementor-container elementor-column-gap-default\">\n\t\t\t\t\t<div class=\"elementor-column elementor-col-50 elementor-top-column elementor-element elementor-element-b5926b3\" data-id=\"b5926b3\" data-element_type=\"column\" data-e-type=\"column\">\n\t\t\t<div class=\"elementor-widget-wrap elementor-element-populated\">\n\t\t\t\t\t\t<div class=\"elementor-element elementor-element-c197ffc elementor-widget elementor-widget-heading\" data-id=\"c197ffc\" data-element_type=\"widget\" data-e-type=\"widget\" data-widget_type=\"heading.default\">\n\t\t\t\t<div class=\"elementor-widget-container\">\n\t\t\t\t\t<h3 class=\"elementor-heading-title elementor-size-default\">Description<\/h3>\t\t\t\t<\/div>\n\t\t\t\t<\/div>\n\t\t\t\t<div class=\"elementor-element elementor-element-6981907 elementor-widget elementor-widget-text-editor\" data-id=\"6981907\" data-element_type=\"widget\" data-e-type=\"widget\" data-widget_type=\"text-editor.default\">\n\t\t\t\t<div class=\"elementor-widget-container\">\n\t\t\t\t\t\t\t\t\t<p>Wegeventile dienen dem Steuern eines Volumenstromes (z.B. P&#8211;&gt;A bei 2\/2 oder P&#8211;&gt;A \/\/ A&#8211;&gt;T bei 3\/2). Wird das Ventil bet\u00e4tigt, \u00e4ndert es seine Schaltstellung.<\/p><p>Das Ventil kann manuell direktbet\u00e4tigt werden oder dient als Pilotventil f\u00fcr gr\u00f6\u00dfere Nennweiten. Optional kann es verriegelt werden, um unbefugtes Schalten zu verhindern.<\/p>\t\t\t\t\t\t\t\t<\/div>\n\t\t\t\t<\/div>\n\t\t\t\t\t<\/div>\n\t\t<\/div>\n\t\t\t\t<div class=\"elementor-column elementor-col-50 elementor-top-column elementor-element elementor-element-01b3ec4\" data-id=\"01b3ec4\" data-element_type=\"column\" data-e-type=\"column\">\n\t\t\t<div class=\"elementor-widget-wrap elementor-element-populated\">\n\t\t\t\t\t\t<div class=\"elementor-element elementor-element-a4c1421 elementor-widget elementor-widget-heading\" data-id=\"a4c1421\" data-element_type=\"widget\" data-e-type=\"widget\" data-widget_type=\"heading.default\">\n\t\t\t\t<div class=\"elementor-widget-container\">\n\t\t\t\t\t<h3 class=\"elementor-heading-title elementor-size-default\">Symbol<\/h3>\t\t\t\t<\/div>\n\t\t\t\t<\/div>\n\t\t\t\t<div class=\"elementor-element elementor-element-246b342 elementor-widget elementor-widget-image\" data-id=\"246b342\" data-element_type=\"widget\" data-e-type=\"widget\" data-widget_type=\"image.default\">\n\t\t\t\t<div class=\"elementor-widget-container\">\n\t\t\t\t\t\t\t\t\t\t\t\t\t\t\t<img decoding=\"async\" src=\"https:\/\/www.dr-breit.de\/wp-content\/uploads\/elementor\/thumbs\/Handbetaetigtes-Ventil-pjj9lb6gsx31oy53d2msxk566nszlvsxnla6i2l7om.png\" title=\"Handbet\u00e4tigtes Ventil\" alt=\"Handbet\u00e4tigtes Ventil\" loading=\"lazy\" \/>\t\t\t\t\t\t\t\t\t\t\t\t\t\t\t<\/div>\n\t\t\t\t<\/div>\n\t\t\t\t\t<\/div>\n\t\t<\/div>\n\t\t\t\t\t<\/div>\n\t\t<\/section>\n\t\t\t\t<section class=\"elementor-section elementor-top-section elementor-element elementor-element-cab7864 elementor-section-boxed elementor-section-height-default elementor-section-height-default\" data-id=\"cab7864\" data-element_type=\"section\" data-e-type=\"section\">\n\t\t\t\t\t\t<div class=\"elementor-container elementor-column-gap-default\">\n\t\t\t\t\t<div class=\"elementor-column elementor-col-33 elementor-top-column elementor-element elementor-element-f284bec\" data-id=\"f284bec\" data-element_type=\"column\" data-e-type=\"column\">\n\t\t\t<div class=\"elementor-widget-wrap elementor-element-populated\">\n\t\t\t\t\t\t<div class=\"elementor-element elementor-element-331c425 elementor-widget elementor-widget-heading\" data-id=\"331c425\" data-element_type=\"widget\" data-e-type=\"widget\" data-widget_type=\"heading.default\">\n\t\t\t\t<div class=\"elementor-widget-container\">\n\t\t\t\t\t<h3 class=\"elementor-heading-title elementor-size-default\">Technical data<\/h3>\t\t\t\t<\/div>\n\t\t\t\t<\/div>\n\t\t\t\t<div class=\"elementor-element elementor-element-d9ae33a elementor-widget elementor-widget-text-editor\" data-id=\"d9ae33a\" data-element_type=\"widget\" data-e-type=\"widget\" data-widget_type=\"text-editor.default\">\n\t\t\t\t<div class=\"elementor-widget-container\">\n\t\t\t\t\t\t\t\t\t<table style=\"width: 100%;\"><tbody><tr><td style=\"width: 25%;\">Size:\u00a0<\/td><td style=\"width: 75%;\">DN2-DN46<\/td><\/tr><tr><td style=\"width: 25%;\">Pressure range:\u00a0<\/td><td style=\"width: 75%;\">PN420 (DN6) and PN700 (DN2\/DN3)<\/td><\/tr><tr><td style=\"width: 25%;\">Material:\u00a0<\/td><td style=\"width: 75%;\">Steel, aluminium, brass, etc.<\/td><\/tr><tr><td style=\"width: 25%;\">Voltage:\u00a0<\/td><td style=\"width: 75%;\">none<\/td><\/tr><tr><td style=\"width: 25%;\">Function:\u00a0<\/td><td style=\"width: 75%;\">2\/2, 3\/2, 4\/2, 4\/3 (NO \/ NC)<\/td><\/tr><tr><td style=\"width: 25%;\">Media:\u00a0<\/td><td style=\"width: 75%;\">HFA, HLP, clear water<\/td><\/tr><tr><td style=\"width: 25%;\">Options:\u00a0<\/td><td style=\"width: 75%;\">Latch, limit switch<\/td><\/tr><tr><td style=\"width: 25%;\">Flow rate:\u00a0<\/td><td style=\"width: 75%;\">Up to 15l\/min<\/td><\/tr><\/tbody><\/table>\t\t\t\t\t\t\t\t<\/div>\n\t\t\t\t<\/div>\n\t\t\t\t\t<\/div>\n\t\t<\/div>\n\t\t\t\t<div class=\"elementor-column elementor-col-66 elementor-top-column elementor-element elementor-element-abb4092\" data-id=\"abb4092\" data-element_type=\"column\" data-e-type=\"column\">\n\t\t\t<div class=\"elementor-widget-wrap elementor-element-populated\">\n\t\t\t\t\t\t<div class=\"elementor-element elementor-element-0a6776e elementor-widget elementor-widget-heading\" data-id=\"0a6776e\" data-element_type=\"widget\" data-e-type=\"widget\" data-widget_type=\"heading.default\">\n\t\t\t\t<div class=\"elementor-widget-container\">\n\t\t\t\t\t<h3 class=\"elementor-heading-title elementor-size-default\">View \/ dimension sheet<\/h3>\t\t\t\t<\/div>\n\t\t\t\t<\/div>\n\t\t\t\t<div class=\"elementor-element elementor-element-3b1c2b4 elementor-widget elementor-widget-image\" data-id=\"3b1c2b4\" data-element_type=\"widget\" data-e-type=\"widget\" data-widget_type=\"image.default\">\n\t\t\t\t<div class=\"elementor-widget-container\">\n\t\t\t\t\t\t\t\t\t\t\t\t\t\t\t<img decoding=\"async\" src=\"https:\/\/www.dr-breit.de\/wp-content\/uploads\/elementor\/thumbs\/FG2Q5377-scaled-pnctt1yl9r3hdk1no53ai76yde3czcwso2t0fv9c00.jpg\" title=\"FG2Q5377\" alt=\"FG2Q5377\" loading=\"lazy\" \/>\t\t\t\t\t\t\t\t\t\t\t\t\t\t\t<\/div>\n\t\t\t\t<\/div>\n\t\t\t\t\t<\/div>\n\t\t<\/div>\n\t\t\t\t\t<\/div>\n\t\t<\/section>\n\t\t\t\t<section class=\"elementor-section elementor-top-section elementor-element elementor-element-de4140c elementor-section-height-min-height elementor-section-boxed elementor-section-height-default elementor-section-items-middle\" data-id=\"de4140c\" data-element_type=\"section\" data-e-type=\"section\">\n\t\t\t\t\t\t<div class=\"elementor-container elementor-column-gap-default\">\n\t\t\t\t\t<div class=\"elementor-column elementor-col-100 elementor-top-column elementor-element elementor-element-6d23e6c\" data-id=\"6d23e6c\" data-element_type=\"column\" data-e-type=\"column\">\n\t\t\t<div class=\"elementor-widget-wrap\">\n\t\t\t\t\t\t\t<\/div>\n\t\t<\/div>\n\t\t\t\t\t<\/div>\n\t\t<\/section>\n\t\t\t\t<\/div>\n\t\t","protected":false},"excerpt":{"rendered":"<p>Manually operated valves Description Wegeventile dienen dem Steuern eines Volumenstromes (z.B. P&#8211;&gt;A bei 2\/2 oder P&#8211;&gt;A \/\/ A&#8211;&gt;T bei 3\/2). Wird das Ventil bet\u00e4tigt, \u00e4ndert es seine Schaltstellung. Das Ventil kann manuell direktbet\u00e4tigt werden oder dient als Pilotventil f\u00fcr gr\u00f6\u00dfere Nennweiten. Optional kann es verriegelt werden, um unbefugtes Schalten zu verhindern. Symbol Technical data Size:\u00a0 [&hellip;]<\/p>\n","protected":false},"author":1,"featured_media":0,"parent":2122,"menu_order":0,"comment_status":"closed","ping_status":"closed","template":"","meta":{"ocean_post_layout":"","ocean_both_sidebars_style":"","ocean_both_sidebars_content_width":0,"ocean_both_sidebars_sidebars_width":0,"ocean_sidebar":"0","ocean_second_sidebar":"0","ocean_disable_margins":"enable","ocean_add_body_class":"","ocean_shortcode_before_top_bar":"","ocean_shortcode_after_top_bar":"","ocean_shortcode_before_header":"","ocean_shortcode_after_header":"","ocean_has_shortcode":"","ocean_shortcode_after_title":"","ocean_shortcode_before_footer_widgets":"","ocean_shortcode_after_footer_widgets":"","ocean_shortcode_before_footer_bottom":"","ocean_shortcode_after_footer_bottom":"","ocean_display_top_bar":"default","ocean_display_header":"default","ocean_header_style":"","ocean_center_header_left_menu":"0","ocean_custom_header_template":"0","ocean_custom_logo":0,"ocean_custom_retina_logo":0,"ocean_custom_logo_max_width":0,"ocean_custom_logo_tablet_max_width":0,"ocean_custom_logo_mobile_max_width":0,"ocean_custom_logo_max_height":0,"ocean_custom_logo_tablet_max_height":0,"ocean_custom_logo_mobile_max_height":0,"ocean_header_custom_menu":"0","ocean_menu_typo_font_family":"0","ocean_menu_typo_font_subset":"","ocean_menu_typo_font_size":0,"ocean_menu_typo_font_size_tablet":0,"ocean_menu_typo_font_size_mobile":0,"ocean_menu_typo_font_size_unit":"px","ocean_menu_typo_font_weight":"","ocean_menu_typo_font_weight_tablet":"","ocean_menu_typo_font_weight_mobile":"","ocean_menu_typo_transform":"","ocean_menu_typo_transform_tablet":"","ocean_menu_typo_transform_mobile":"","ocean_menu_typo_line_height":0,"ocean_menu_typo_line_height_tablet":0,"ocean_menu_typo_line_height_mobile":0,"ocean_menu_typo_line_height_unit":"","ocean_menu_typo_spacing":0,"ocean_menu_typo_spacing_tablet":0,"ocean_menu_typo_spacing_mobile":0,"ocean_menu_typo_spacing_unit":"","ocean_menu_link_color":"","ocean_menu_link_color_hover":"","ocean_menu_link_color_active":"","ocean_menu_link_background":"","ocean_menu_link_hover_background":"","ocean_menu_link_active_background":"","ocean_menu_social_links_bg":"","ocean_menu_social_hover_links_bg":"","ocean_menu_social_links_color":"","ocean_menu_social_hover_links_color":"","ocean_disable_title":"default","ocean_disable_heading":"default","ocean_post_title":"","ocean_post_subheading":"","ocean_post_title_style":"","ocean_post_title_background_color":"","ocean_post_title_background":0,"ocean_post_title_bg_image_position":"","ocean_post_title_bg_image_attachment":"","ocean_post_title_bg_image_repeat":"","ocean_post_title_bg_image_size":"","ocean_post_title_height":0,"ocean_post_title_bg_overlay":0.5,"ocean_post_title_bg_overlay_color":"","ocean_disable_breadcrumbs":"default","ocean_breadcrumbs_color":"","ocean_breadcrumbs_separator_color":"","ocean_breadcrumbs_links_color":"","ocean_breadcrumbs_links_hover_color":"","ocean_display_footer_widgets":"default","ocean_display_footer_bottom":"default","ocean_custom_footer_template":"0","footnotes":""},"class_list":["post-2495","page","type-page","status-publish","hentry","entry"],"yoast_head":"<!-- This site is optimized with the Yoast SEO plugin v27.2 - https:\/\/yoast.com\/product\/yoast-seo-wordpress\/ -->\n<title>Manually operated valves - Dr. Breit GmbH<\/title>\n<meta name=\"robots\" content=\"index, follow, max-snippet:-1, max-image-preview:large, max-video-preview:-1\" \/>\n<link rel=\"canonical\" href=\"https:\/\/www.dr-breit.de\/en\/products\/manually-operated-valves\/\" \/>\n<meta property=\"og:locale\" content=\"en_US\" \/>\n<meta property=\"og:type\" content=\"article\" \/>\n<meta property=\"og:title\" content=\"Manually operated valves - Dr. Breit GmbH\" \/>\n<meta property=\"og:description\" content=\"Manually operated valves Description Wegeventile dienen dem Steuern eines Volumenstromes (z.B. P&#8211;&gt;A bei 2\/2 oder P&#8211;&gt;A \/\/ A&#8211;&gt;T bei 3\/2). Wird das Ventil bet\u00e4tigt, \u00e4ndert es seine Schaltstellung. Das Ventil kann manuell direktbet\u00e4tigt werden oder dient als Pilotventil f\u00fcr gr\u00f6\u00dfere Nennweiten. Optional kann es verriegelt werden, um unbefugtes Schalten zu verhindern. Symbol Technical data Size:\u00a0 [&hellip;]\" \/>\n<meta property=\"og:url\" content=\"https:\/\/www.dr-breit.de\/en\/products\/manually-operated-valves\/\" \/>\n<meta property=\"og:site_name\" content=\"Dr. Breit GmbH\" \/>\n<meta property=\"article:modified_time\" content=\"2024-09-28T11:46:11+00:00\" \/>\n<meta property=\"og:image\" content=\"https:\/\/www.dr-breit.de\/wp-content\/uploads\/elementor\/thumbs\/Handbetaetigtes-Ventil-pjj9lb6gsx31oy53d2msxk566nszlvsxnla6i2l7om.png\" \/>\n<meta name=\"twitter:card\" content=\"summary_large_image\" \/>\n<script type=\"application\/ld+json\" class=\"yoast-schema-graph\">{\"@context\":\"https:\/\/schema.org\",\"@graph\":[{\"@type\":\"WebPage\",\"@id\":\"https:\/\/www.dr-breit.de\/en\/products\/manually-operated-valves\/\",\"url\":\"https:\/\/www.dr-breit.de\/en\/products\/manually-operated-valves\/\",\"name\":\"Manually operated valves - Dr. Breit GmbH\",\"isPartOf\":{\"@id\":\"https:\/\/www.dr-breit.de\/#website\"},\"primaryImageOfPage\":{\"@id\":\"https:\/\/www.dr-breit.de\/en\/products\/manually-operated-valves\/#primaryimage\"},\"image\":{\"@id\":\"https:\/\/www.dr-breit.de\/en\/products\/manually-operated-valves\/#primaryimage\"},\"thumbnailUrl\":\"https:\/\/www.dr-breit.de\/wp-content\/uploads\/elementor\/thumbs\/Handbetaetigtes-Ventil-pjj9lb6gsx31oy53d2msxk566nszlvsxnla6i2l7om.png\",\"datePublished\":\"2024-09-27T10:10:49+00:00\",\"dateModified\":\"2024-09-28T11:46:11+00:00\",\"breadcrumb\":{\"@id\":\"https:\/\/www.dr-breit.de\/en\/products\/manually-operated-valves\/#breadcrumb\"},\"inLanguage\":\"en-US\",\"potentialAction\":[{\"@type\":\"ReadAction\",\"target\":[\"https:\/\/www.dr-breit.de\/en\/products\/manually-operated-valves\/\"]}]},{\"@type\":\"ImageObject\",\"inLanguage\":\"en-US\",\"@id\":\"https:\/\/www.dr-breit.de\/en\/products\/manually-operated-valves\/#primaryimage\",\"url\":\"https:\/\/www.dr-breit.de\/wp-content\/uploads\/elementor\/thumbs\/Handbetaetigtes-Ventil-pjj9lb6gsx31oy53d2msxk566nszlvsxnla6i2l7om.png\",\"contentUrl\":\"https:\/\/www.dr-breit.de\/wp-content\/uploads\/elementor\/thumbs\/Handbetaetigtes-Ventil-pjj9lb6gsx31oy53d2msxk566nszlvsxnla6i2l7om.png\"},{\"@type\":\"BreadcrumbList\",\"@id\":\"https:\/\/www.dr-breit.de\/en\/products\/manually-operated-valves\/#breadcrumb\",\"itemListElement\":[{\"@type\":\"ListItem\",\"position\":1,\"name\":\"Startseite\",\"item\":\"https:\/\/www.dr-breit.de\/en\/\"},{\"@type\":\"ListItem\",\"position\":2,\"name\":\"Products\",\"item\":\"https:\/\/www.dr-breit.de\/en\/products\/\"},{\"@type\":\"ListItem\",\"position\":3,\"name\":\"Manually operated valves\"}]},{\"@type\":\"WebSite\",\"@id\":\"https:\/\/www.dr-breit.de\/#website\",\"url\":\"https:\/\/www.dr-breit.de\/\",\"name\":\"Dr. Breit GmbH\",\"description\":\"Hydraulik - Pneumatik - Elektronik in Heiligenhaus\",\"publisher\":{\"@id\":\"https:\/\/www.dr-breit.de\/#organization\"},\"potentialAction\":[{\"@type\":\"SearchAction\",\"target\":{\"@type\":\"EntryPoint\",\"urlTemplate\":\"https:\/\/www.dr-breit.de\/?s={search_term_string}\"},\"query-input\":{\"@type\":\"PropertyValueSpecification\",\"valueRequired\":true,\"valueName\":\"search_term_string\"}}],\"inLanguage\":\"en-US\"},{\"@type\":\"Organization\",\"@id\":\"https:\/\/www.dr-breit.de\/#organization\",\"name\":\"Dr. Breit GmbH\",\"url\":\"https:\/\/www.dr-breit.de\/\",\"logo\":{\"@type\":\"ImageObject\",\"inLanguage\":\"en-US\",\"@id\":\"https:\/\/www.dr-breit.de\/#\/schema\/logo\/image\/\",\"url\":\"https:\/\/www.dr-breit.de\/wp-content\/uploads\/2019\/09\/Dr.-Breit-Logo.png\",\"contentUrl\":\"https:\/\/www.dr-breit.de\/wp-content\/uploads\/2019\/09\/Dr.-Breit-Logo.png\",\"width\":479,\"height\":157,\"caption\":\"Dr. Breit GmbH\"},\"image\":{\"@id\":\"https:\/\/www.dr-breit.de\/#\/schema\/logo\/image\/\"}}]}<\/script>\n<!-- \/ Yoast SEO plugin. -->","yoast_head_json":{"title":"Manually operated valves - Dr. Breit GmbH","robots":{"index":"index","follow":"follow","max-snippet":"max-snippet:-1","max-image-preview":"max-image-preview:large","max-video-preview":"max-video-preview:-1"},"canonical":"https:\/\/www.dr-breit.de\/en\/products\/manually-operated-valves\/","og_locale":"en_US","og_type":"article","og_title":"Manually operated valves - Dr. Breit GmbH","og_description":"Manually operated valves Description Wegeventile dienen dem Steuern eines Volumenstromes (z.B. P&#8211;&gt;A bei 2\/2 oder P&#8211;&gt;A \/\/ A&#8211;&gt;T bei 3\/2). Wird das Ventil bet\u00e4tigt, \u00e4ndert es seine Schaltstellung. Das Ventil kann manuell direktbet\u00e4tigt werden oder dient als Pilotventil f\u00fcr gr\u00f6\u00dfere Nennweiten. Optional kann es verriegelt werden, um unbefugtes Schalten zu verhindern. Symbol Technical data Size:\u00a0 [&hellip;]","og_url":"https:\/\/www.dr-breit.de\/en\/products\/manually-operated-valves\/","og_site_name":"Dr. Breit GmbH","article_modified_time":"2024-09-28T11:46:11+00:00","og_image":[{"url":"https:\/\/www.dr-breit.de\/wp-content\/uploads\/elementor\/thumbs\/Handbetaetigtes-Ventil-pjj9lb6gsx31oy53d2msxk566nszlvsxnla6i2l7om.png","type":"","width":"","height":""}],"twitter_card":"summary_large_image","schema":{"@context":"https:\/\/schema.org","@graph":[{"@type":"WebPage","@id":"https:\/\/www.dr-breit.de\/en\/products\/manually-operated-valves\/","url":"https:\/\/www.dr-breit.de\/en\/products\/manually-operated-valves\/","name":"Manually operated valves - Dr. Breit GmbH","isPartOf":{"@id":"https:\/\/www.dr-breit.de\/#website"},"primaryImageOfPage":{"@id":"https:\/\/www.dr-breit.de\/en\/products\/manually-operated-valves\/#primaryimage"},"image":{"@id":"https:\/\/www.dr-breit.de\/en\/products\/manually-operated-valves\/#primaryimage"},"thumbnailUrl":"https:\/\/www.dr-breit.de\/wp-content\/uploads\/elementor\/thumbs\/Handbetaetigtes-Ventil-pjj9lb6gsx31oy53d2msxk566nszlvsxnla6i2l7om.png","datePublished":"2024-09-27T10:10:49+00:00","dateModified":"2024-09-28T11:46:11+00:00","breadcrumb":{"@id":"https:\/\/www.dr-breit.de\/en\/products\/manually-operated-valves\/#breadcrumb"},"inLanguage":"en-US","potentialAction":[{"@type":"ReadAction","target":["https:\/\/www.dr-breit.de\/en\/products\/manually-operated-valves\/"]}]},{"@type":"ImageObject","inLanguage":"en-US","@id":"https:\/\/www.dr-breit.de\/en\/products\/manually-operated-valves\/#primaryimage","url":"https:\/\/www.dr-breit.de\/wp-content\/uploads\/elementor\/thumbs\/Handbetaetigtes-Ventil-pjj9lb6gsx31oy53d2msxk566nszlvsxnla6i2l7om.png","contentUrl":"https:\/\/www.dr-breit.de\/wp-content\/uploads\/elementor\/thumbs\/Handbetaetigtes-Ventil-pjj9lb6gsx31oy53d2msxk566nszlvsxnla6i2l7om.png"},{"@type":"BreadcrumbList","@id":"https:\/\/www.dr-breit.de\/en\/products\/manually-operated-valves\/#breadcrumb","itemListElement":[{"@type":"ListItem","position":1,"name":"Startseite","item":"https:\/\/www.dr-breit.de\/en\/"},{"@type":"ListItem","position":2,"name":"Products","item":"https:\/\/www.dr-breit.de\/en\/products\/"},{"@type":"ListItem","position":3,"name":"Manually operated valves"}]},{"@type":"WebSite","@id":"https:\/\/www.dr-breit.de\/#website","url":"https:\/\/www.dr-breit.de\/","name":"Dr. Breit GmbH","description":"Hydraulik - Pneumatik - Elektronik in Heiligenhaus","publisher":{"@id":"https:\/\/www.dr-breit.de\/#organization"},"potentialAction":[{"@type":"SearchAction","target":{"@type":"EntryPoint","urlTemplate":"https:\/\/www.dr-breit.de\/?s={search_term_string}"},"query-input":{"@type":"PropertyValueSpecification","valueRequired":true,"valueName":"search_term_string"}}],"inLanguage":"en-US"},{"@type":"Organization","@id":"https:\/\/www.dr-breit.de\/#organization","name":"Dr. Breit GmbH","url":"https:\/\/www.dr-breit.de\/","logo":{"@type":"ImageObject","inLanguage":"en-US","@id":"https:\/\/www.dr-breit.de\/#\/schema\/logo\/image\/","url":"https:\/\/www.dr-breit.de\/wp-content\/uploads\/2019\/09\/Dr.-Breit-Logo.png","contentUrl":"https:\/\/www.dr-breit.de\/wp-content\/uploads\/2019\/09\/Dr.-Breit-Logo.png","width":479,"height":157,"caption":"Dr. Breit GmbH"},"image":{"@id":"https:\/\/www.dr-breit.de\/#\/schema\/logo\/image\/"}}]}},"_links":{"self":[{"href":"https:\/\/www.dr-breit.de\/en\/wp-json\/wp\/v2\/pages\/2495","targetHints":{"allow":["GET"]}}],"collection":[{"href":"https:\/\/www.dr-breit.de\/en\/wp-json\/wp\/v2\/pages"}],"about":[{"href":"https:\/\/www.dr-breit.de\/en\/wp-json\/wp\/v2\/types\/page"}],"author":[{"embeddable":true,"href":"https:\/\/www.dr-breit.de\/en\/wp-json\/wp\/v2\/users\/1"}],"replies":[{"embeddable":true,"href":"https:\/\/www.dr-breit.de\/en\/wp-json\/wp\/v2\/comments?post=2495"}],"version-history":[{"count":3,"href":"https:\/\/www.dr-breit.de\/en\/wp-json\/wp\/v2\/pages\/2495\/revisions"}],"predecessor-version":[{"id":2771,"href":"https:\/\/www.dr-breit.de\/en\/wp-json\/wp\/v2\/pages\/2495\/revisions\/2771"}],"up":[{"embeddable":true,"href":"https:\/\/www.dr-breit.de\/en\/wp-json\/wp\/v2\/pages\/2122"}],"wp:attachment":[{"href":"https:\/\/www.dr-breit.de\/en\/wp-json\/wp\/v2\/media?parent=2495"}],"curies":[{"name":"wp","href":"https:\/\/api.w.org\/{rel}","templated":true}]}}